{"id":5579,"date":"2025-07-10T11:34:33","date_gmt":"2025-07-10T08:34:33","guid":{"rendered":"https:\/\/csrwood.com\/?page_id=5579"},"modified":"2025-07-10T12:16:42","modified_gmt":"2025-07-10T09:16:42","slug":"elementor-5579","status":"publish","type":"page","link":"https:\/\/csrwood.com\/index.php\/tr\/elementor-5579\/","title":{"rendered":"Elementor #5579"},"content":{"rendered":"\t\t<div data-elementor-type=\"wp-page\" data-elementor-id=\"5579\" class=\"elementor elementor-5579\" data-elementor-post-type=\"page\">\n\t\t\t\t\t\t<section class=\"elementor-section elementor-top-section elementor-element elementor-element-d03dca3 elementor-section-full_width elementor-section-height-default elementor-section-height-default\" data-id=\"d03dca3\" data-element_type=\"section\">\n\t\t\t\t\t\t<div class=\"elementor-container elementor-column-gap-no\">\n\t\t\t\t\t<div class=\"elementor-column elementor-col-100 elementor-top-column elementor-element elementor-element-e4bbebb\" data-id=\"e4bbebb\" data-element_type=\"column\">\n\t\t\t<div class=\"elementor-widget-wrap elementor-element-populated\">\n\t\t\t\t\t\t<div class=\"elementor-element elementor-element-ae2cd53 elementor-widget elementor-widget-pix-dividers\" data-id=\"ae2cd53\" data-element_type=\"widget\" data-widget_type=\"pix-dividers.default\">\n\t\t\t\t<div class=\"elementor-widget-container\">\n\t\t\t\t\t<div class=\"pix-divider  position-relative pix-bottom-divider\" data-style=\"style-8\" ><svg xmlns=\"http:\/\/www.w3.org\/2000\/svg\" width=\"100%\" height=\"300px\" viewBox=\"0 0 1200 366\" preserveAspectRatio=\"none\"><polygon fill=\"url(#divider-pix-accordion-451147-bottom-overlay-layer-3)\" points=\"0 240 1200 0 1200 366 0 366\" \/><polygon fill=\"url(#divider-pix-accordion-451147-bottom-overlay-layer-2)\" points=\"0 300 1200 60 1200 366 0 366\"  \/><polygon fill=\"#ffffff\" points=\"0 360 1200 120 1200 366 0 366\"\/><defs><linearGradient id=\"divider-pix-accordion-451147-bottom-overlay-layer-3\" x1=\"0%\" y1=\"0%\" x2=\"100%\" y2=\"0%\"><stop offset=\"0%\"   stop-color=\"#00000014\"\/><stop offset=\"100%\"   stop-color=\"#FFFFFF03\"\/><\/linearGradient><linearGradient id=\"divider-pix-accordion-451147-bottom-overlay-layer-2\" x1=\"0%\" y1=\"0%\" x2=\"100%\" y2=\"0%\"><stop offset=\"0%\"   stop-color=\"#FFFFFF03\"\/><stop offset=\"100%\"   stop-color=\"#FFFFFF03\"\/><\/linearGradient><\/defs><\/svg><\/div>\t\t\t\t<\/div>\n\t\t\t\t<\/div>\n\t\t\t\t\t<\/div>\n\t\t<\/div>\n\t\t\t\t\t<\/div>\n\t\t<\/section>\n\t\t\t\t<section class=\"elementor-section elementor-top-section elementor-element elementor-element-c72aa54 elementor-section-boxed elementor-section-height-default elementor-section-height-default\" data-id=\"c72aa54\" data-element_type=\"section\">\n\t\t\t\t\t\t<div class=\"elementor-container elementor-column-gap-default\">\n\t\t\t\t\t<div class=\"elementor-column elementor-col-100 elementor-top-column elementor-element elementor-element-5575ef7\" data-id=\"5575ef7\" data-element_type=\"column\">\n\t\t\t<div class=\"elementor-widget-wrap elementor-element-populated\">\n\t\t\t\t\t\t<section class=\"elementor-section elementor-inner-section elementor-element elementor-element-6f12ca9 elementor-section-boxed elementor-section-height-default elementor-section-height-default\" data-id=\"6f12ca9\" data-element_type=\"section\">\n\t\t\t\t\t\t<div class=\"elementor-container elementor-column-gap-default\">\n\t\t\t\t\t<div class=\"elementor-column elementor-col-100 elementor-inner-column elementor-element elementor-element-eee5dd8\" data-id=\"eee5dd8\" data-element_type=\"column\">\n\t\t\t<div class=\"elementor-widget-wrap elementor-element-populated\">\n\t\t\t\t\t\t<div class=\"elementor-element elementor-element-7b3c91a elementor-widget elementor-widget-pix-highlighted-text\" data-id=\"7b3c91a\" data-element_type=\"widget\" data-widget_type=\"pix-highlighted-text.default\">\n\t\t\t\t<div class=\"elementor-widget-container\">\n\t\t\t\t\t<div id=\"highlighted-text-7962608\" class=\"pix-highlighted-element text-center \"><div class=\"d-inline-block\" style=\"max-width:600px;\"><h2 class=\"pix-highlighted-items \" style=\"\" data-anim-type=\"\" data-anim-delay=\"\"><span id=\"highlighted-text-7962608-0\" class=\" elementor-repeater-item-d38df35\"><span class=\"pix-highlighted-text pix-highlight-item font-weight-normal  heading-font text-heading-default\">B\u00fct\u00fcn  <\/span><\/span><span id=\"highlighted-text-7962608-1\" class=\"pix-highlight-bg align-middle2   elementor-repeater-item-b2f5606 highlighted-text-7962608-1 animate-in\" data-anim-type=\"highlight-grow\" data-anim-delay=\"200\"><span class=\"pix-highlighted-text  pix-highlight-item font-weight-normal  font-weight-bold heading-font text-heading-default\">servisler <\/span><\/span><\/h2><\/div><\/div>\t\t\t\t<\/div>\n\t\t\t\t<\/div>\n\t\t\t\t\t<\/div>\n\t\t<\/div>\n\t\t\t\t\t<\/div>\n\t\t<\/section>\n\t\t\t\t<section class=\"elementor-section elementor-inner-section elementor-element elementor-element-e205c00 elementor-section-boxed elementor-section-height-default elementor-section-height-default\" data-id=\"e205c00\" data-element_type=\"section\">\n\t\t\t\t\t\t<div class=\"elementor-container elementor-column-gap-default\">\n\t\t\t\t\t<div class=\"elementor-column elementor-col-50 elementor-inner-column elementor-element elementor-element-bbd8444\" data-id=\"bbd8444\" data-element_type=\"column\">\n\t\t\t<div class=\"elementor-widget-wrap\">\n\t\t\t\t\t\t\t<\/div>\n\t\t<\/div>\n\t\t\t\t<div class=\"elementor-column elementor-col-50 elementor-inner-column elementor-element elementor-element-f2a7188\" data-id=\"f2a7188\" data-element_type=\"column\">\n\t\t\t<div class=\"elementor-widget-wrap\">\n\t\t\t\t\t\t\t<\/div>\n\t\t<\/div>\n\t\t\t\t\t<\/div>\n\t\t<\/section>\n\t\t\t\t<section class=\"elementor-section elementor-inner-section elementor-element elementor-element-0c2f2c2 elementor-section-boxed elementor-section-height-default elementor-section-height-default\" data-id=\"0c2f2c2\" data-element_type=\"section\">\n\t\t\t\t\t\t<div class=\"elementor-container elementor-column-gap-default\">\n\t\t\t\t\t<div class=\"elementor-column elementor-col-50 elementor-inner-column elementor-element elementor-element-2eb40e2\" data-id=\"2eb40e2\" data-element_type=\"column\">\n\t\t\t<div class=\"elementor-widget-wrap elementor-element-populated\">\n\t\t\t\t\t\t<div class=\"elementor-element elementor-element-8ed482d elementor-invisible elementor-widget elementor-widget-pix-card\" data-id=\"8ed482d\" data-element_type=\"widget\" data-widget_type=\"pix-card.default\">\n\t\t\t\t<div class=\"elementor-widget-container\">\n\t\t\t\t\t<a  rel=\"nofollow\" href=\"https:\/\/csrwood.com\/index.php\/kitchen-cabinet-doors\/\" class=\" fly\"><div class=\"card    rounded-lg  overflow-hidden shadow-sm shadow-hover fly-sm  animate-in \" data-anim-delay=\"100\" data-anim-type=\"fade-in-up\"><img decoding=\"async\" src=\"https:\/\/csrwood.com\/wp-content\/plugins\/pixfort-core\/functions\/images\/loading.webp\"   data-srcset=\"\" data-src=\"https:\/\/csrwood.com\/wp-content\/uploads\/2025\/05\/services-1.jpg\" class=\"pix-lazy\" loading=\"lazy\" alt=\"Kitchen Cabinet Doors\"><div class=\"pix-card-content\"><div class=\"card-body\"><div class=\"d-flex justify-content-between align-items-center font-weight-bold text-secondary\"><h6 style=\"\" class=\"card-title mb-0 font-weight-bold text-secondary\">Kitchen Cabinet Doors<\/h6><h6 style=\"\" class=\"font-weight-bold text-secondary pixicon-angle-right\"><\/h6><\/div><\/div><\/div><\/div><\/a>\t\t\t\t<\/div>\n\t\t\t\t<\/div>\n\t\t\t\t<div class=\"elementor-element elementor-element-6873b9c elementor-invisible elementor-widget elementor-widget-pix-card\" data-id=\"6873b9c\" data-element_type=\"widget\" data-widget_type=\"pix-card.default\">\n\t\t\t\t<div class=\"elementor-widget-container\">\n\t\t\t\t\t<a  rel=\"nofollow\" href=\"https:\/\/csrwood.com\/index.php\/sinks\/\" class=\" fly\"><div class=\"card    rounded-lg  overflow-hidden shadow-sm shadow-hover fly-sm  animate-in \" data-anim-delay=\"100\" data-anim-type=\"fade-in-up\"><img decoding=\"async\" src=\"https:\/\/csrwood.com\/wp-content\/plugins\/pixfort-core\/functions\/images\/loading.webp\"   data-srcset=\"\" data-src=\"https:\/\/csrwood.com\/wp-content\/uploads\/2025\/05\/services-sinks.jpg\" class=\"pix-lazy\" loading=\"lazy\" alt=\"Sinks\"><div class=\"pix-card-content\"><div class=\"card-body\"><div class=\"d-flex justify-content-between align-items-center font-weight-bold text-primary\"><h6 style=\"\" class=\"card-title mb-0 font-weight-bold text-primary\">Sinks<\/h6><h6 style=\"\" class=\"font-weight-bold text-primary pixicon-angle-right\"><\/h6><\/div><\/div><\/div><\/div><\/a>\t\t\t\t<\/div>\n\t\t\t\t<\/div>\n\t\t\t\t\t<\/div>\n\t\t<\/div>\n\t\t\t\t<div class=\"elementor-column elementor-col-50 elementor-inner-column elementor-element elementor-element-de238e8\" data-id=\"de238e8\" data-element_type=\"column\">\n\t\t\t<div class=\"elementor-widget-wrap elementor-element-populated\">\n\t\t\t\t\t\t<div class=\"elementor-element elementor-element-ec5926e elementor-invisible elementor-widget elementor-widget-pix-card\" data-id=\"ec5926e\" data-element_type=\"widget\" data-widget_type=\"pix-card.default\">\n\t\t\t\t<div class=\"elementor-widget-container\">\n\t\t\t\t\t<a  rel=\"nofollow\" href=\"https:\/\/csrwood.com\/index.php\/pvc-pet-mdf-panels\/\" class=\" fly\"><div class=\"card    rounded-lg  overflow-hidden shadow-sm shadow-hover fly-sm  animate-in \" data-anim-delay=\"100\" data-anim-type=\"fade-in-up\"><img decoding=\"async\" src=\"https:\/\/csrwood.com\/wp-content\/plugins\/pixfort-core\/functions\/images\/loading.webp\"   data-srcset=\"\" data-src=\"https:\/\/csrwood.com\/wp-content\/uploads\/2025\/05\/high-gloss.jpg\" class=\"pix-lazy\" loading=\"lazy\" alt=\"PVC\/PET MDF Panels\"><div class=\"pix-card-content\"><div class=\"card-body\"><div class=\"d-flex justify-content-between align-items-center font-weight-bold text-primary\"><h6 style=\"\" class=\"card-title mb-0 font-weight-bold text-primary\">PVC\/PET MDF Panels<\/h6><h6 style=\"\" class=\"font-weight-bold text-primary pixicon-angle-right\"><\/h6><\/div><\/div><\/div><\/div><\/a>\t\t\t\t<\/div>\n\t\t\t\t<\/div>\n\t\t\t\t<div class=\"elementor-element elementor-element-0cadd42 elementor-invisible elementor-widget elementor-widget-pix-card\" data-id=\"0cadd42\" data-element_type=\"widget\" data-widget_type=\"pix-card.default\">\n\t\t\t\t<div class=\"elementor-widget-container\">\n\t\t\t\t\t<a  rel=\"nofollow\" href=\"https:\/\/csrwood.com\/index.php\/kitchen-cabinet-doors\/\" class=\" fly\"><div class=\"card    rounded-lg  overflow-hidden shadow-sm shadow-hover fly-sm  animate-in \" data-anim-delay=\"100\" data-anim-type=\"fade-in-up\"><img decoding=\"async\" src=\"https:\/\/csrwood.com\/wp-content\/plugins\/pixfort-core\/functions\/images\/loading.webp\"   data-srcset=\"\" data-src=\"https:\/\/csrwood.com\/wp-content\/uploads\/2025\/05\/services-3.jpg\" class=\"pix-lazy\" loading=\"lazy\" alt=\"Mutfak Dolab\u0131 G\u00f6vdeleri\"><div class=\"pix-card-content\"><div class=\"card-body\"><div class=\"d-flex justify-content-between align-items-center font-weight-bold text-primary\"><h6 style=\"\" class=\"card-title mb-0 font-weight-bold text-primary\">Mutfak Dolab\u0131 G\u00f6vdeleri<\/h6><h6 style=\"\" class=\"font-weight-bold text-primary pixicon-angle-right\"><\/h6><\/div><\/div><\/div><\/div><\/a>\t\t\t\t<\/div>\n\t\t\t\t<\/div>\n\t\t\t\t<div class=\"elementor-element elementor-element-69ea3ad elementor-invisible elementor-widget elementor-widget-pix-card\" data-id=\"69ea3ad\" data-element_type=\"widget\" data-widget_type=\"pix-card.default\">\n\t\t\t\t<div class=\"elementor-widget-container\">\n\t\t\t\t\t<a  rel=\"nofollow\" href=\"https:\/\/csrwood.com\/index.php\/vacuum-membrane-doors\/\" class=\" fly\"><div class=\"card    rounded-lg  overflow-hidden shadow-sm shadow-hover fly-sm  animate-in \" data-anim-delay=\"100\" data-anim-type=\"fade-in-up\"><img decoding=\"async\" src=\"https:\/\/csrwood.com\/wp-content\/plugins\/pixfort-core\/functions\/images\/loading.webp\"   data-srcset=\"\" data-src=\"https:\/\/csrwood.com\/wp-content\/uploads\/2025\/05\/services-2.jpg\" class=\"pix-lazy\" loading=\"lazy\" alt=\"Vacuum Membrane Cabinet Door\"><div class=\"pix-card-content\"><div class=\"card-body\"><div class=\"d-flex justify-content-between align-items-center font-weight-bold text-secondary\"><h6 style=\"\" class=\"card-title mb-0 font-weight-bold text-secondary\">Vacuum Membrane Cabinet Door<\/h6><h6 style=\"\" class=\"font-weight-bold text-secondary pixicon-angle-right\"><\/h6><\/div><\/div><\/div><\/div><\/a>\t\t\t\t<\/div>\n\t\t\t\t<\/div>\n\t\t\t\t\t<\/div>\n\t\t<\/div>\n\t\t\t\t\t<\/div>\n\t\t<\/section>\n\t\t\t\t<section class=\"elementor-section elementor-inner-section elementor-element elementor-element-266b593 elementor-section-boxed elementor-section-height-default elementor-section-height-default\" data-id=\"266b593\" data-element_type=\"section\">\n\t\t\t\t\t\t<div class=\"elementor-container elementor-column-gap-default\">\n\t\t\t\t\t<div class=\"elementor-column elementor-col-100 elementor-inner-column elementor-element elementor-element-7e1be50\" data-id=\"7e1be50\" data-element_type=\"column\">\n\t\t\t<div class=\"elementor-widget-wrap elementor-element-populated\">\n\t\t\t\t\t\t<div class=\"elementor-element elementor-element-2f7623d elementor-widget elementor-widget-pix-button\" data-id=\"2f7623d\" data-element_type=\"widget\" data-widget_type=\"pix-button.default\">\n\t\t\t\t<div class=\"elementor-widget-container\">\n\t\t\t\t\t<div class=\"d-block w-100 text-center\"><a  href=\"https:\/\/csrwood.com\/index.php\/contact\/\" class=\"btn m-0     shadow-sm btn-secondary d-inline-block pix-hover-item       pix-btn-div btn-lg\"     ><i class=\"font-weight-bold pixicon-messages-2  pix-hover-left  mr-1\"><\/i> <span class=\"font-weight-bold \" >Bug\u00fcn ileti\u015fime ge\u00e7in<\/span><\/a><\/div>\t\t\t\t<\/div>\n\t\t\t\t<\/div>\n\t\t\t\t\t<\/div>\n\t\t<\/div>\n\t\t\t\t\t<\/div>\n\t\t<\/section>\n\t\t\t\t\t<\/div>\n\t\t<\/div>\n\t\t\t\t\t<\/div>\n\t\t<\/section>\n\t\t\t\t<\/div>\n\t\t","protected":false},"excerpt":{"rendered":"<p>B\u00fct\u00fcn servisler Kitchen Cabinet Doors Sinks PVC\/PET MDF Panels Mutfak Dolab\u0131 G\u00f6vdeleri Vacuum Membrane Cabinet Door Bug\u00fcn ileti\u015fime ge\u00e7in<\/p>\n","protected":false},"author":2,"featured_media":0,"parent":0,"menu_order":0,"comment_status":"closed","ping_status":"closed","template":"","meta":{"footnotes":""},"class_list":["post-5579","page","type-page","status-publish","hentry"],"yoast_head":"<!-- This site is optimized with the Yoast SEO plugin v25.1 - https:\/\/yoast.com\/wordpress\/plugins\/seo\/ -->\n<title>Elementor #5579 - CSR \u2013 Customised \u2022 Supplier \u2022 Reseller<\/title>\n<meta name=\"robots\" content=\"noindex, follow, max-snippet:-1, max-image-preview:large, max-video-preview:-1\" \/>\n<meta property=\"og:locale\" content=\"tr_TR\" \/>\n<meta property=\"og:type\" content=\"article\" \/>\n<meta property=\"og:title\" content=\"Elementor #5579 - CSR \u2013 Customised \u2022 Supplier \u2022 Reseller\" \/>\n<meta property=\"og:description\" content=\"B\u00fct\u00fcn servisler Kitchen Cabinet Doors Sinks PVC\/PET MDF Panels Mutfak Dolab\u0131 G\u00f6vdeleri Vacuum Membrane Cabinet Door Bug\u00fcn ileti\u015fime ge\u00e7in\" \/>\n<meta property=\"og:url\" content=\"https:\/\/csrwood.com\/index.php\/tr\/elementor-5579\/\" \/>\n<meta property=\"og:site_name\" content=\"CSR \u2013 Customised \u2022 Supplier \u2022 Reseller\" \/>\n<meta property=\"article:modified_time\" content=\"2025-07-10T09:16:42+00:00\" \/>\n<meta property=\"og:image\" content=\"https:\/\/csrwood.com\/wp-content\/plugins\/pixfort-core\/functions\/images\/loading.webp\" \/>\n<meta name=\"twitter:card\" content=\"summary_large_image\" \/>\n<meta name=\"twitter:label1\" content=\"Tahmini okuma s\u00fcresi\" \/>\n\t<meta name=\"twitter:data1\" content=\"2 dakika\" \/>\n<script type=\"application\/ld+json\" class=\"yoast-schema-graph\">{\"@context\":\"https:\/\/schema.org\",\"@graph\":[{\"@type\":\"WebPage\",\"@id\":\"https:\/\/csrwood.com\/index.php\/tr\/elementor-5579\/\",\"url\":\"https:\/\/csrwood.com\/index.php\/tr\/elementor-5579\/\",\"name\":\"Elementor #5579 - CSR \u2013 Customised \u2022 Supplier \u2022 Reseller\",\"isPartOf\":{\"@id\":\"https:\/\/csrwood.com\/#website\"},\"primaryImageOfPage\":{\"@id\":\"https:\/\/csrwood.com\/index.php\/tr\/elementor-5579\/#primaryimage\"},\"image\":{\"@id\":\"https:\/\/csrwood.com\/index.php\/tr\/elementor-5579\/#primaryimage\"},\"thumbnailUrl\":\"https:\/\/csrwood.com\/wp-content\/plugins\/pixfort-core\/functions\/images\/loading.webp\",\"datePublished\":\"2025-07-10T08:34:33+00:00\",\"dateModified\":\"2025-07-10T09:16:42+00:00\",\"breadcrumb\":{\"@id\":\"https:\/\/csrwood.com\/index.php\/tr\/elementor-5579\/#breadcrumb\"},\"inLanguage\":\"tr\",\"potentialAction\":[{\"@type\":\"ReadAction\",\"target\":[\"https:\/\/csrwood.com\/index.php\/tr\/elementor-5579\/\"]}]},{\"@type\":\"ImageObject\",\"inLanguage\":\"tr\",\"@id\":\"https:\/\/csrwood.com\/index.php\/tr\/elementor-5579\/#primaryimage\",\"url\":\"https:\/\/csrwood.com\/wp-content\/plugins\/pixfort-core\/functions\/images\/loading.webp\",\"contentUrl\":\"https:\/\/csrwood.com\/wp-content\/plugins\/pixfort-core\/functions\/images\/loading.webp\"},{\"@type\":\"BreadcrumbList\",\"@id\":\"https:\/\/csrwood.com\/index.php\/tr\/elementor-5579\/#breadcrumb\",\"itemListElement\":[{\"@type\":\"ListItem\",\"position\":1,\"name\":\"Anasayfa\",\"item\":\"https:\/\/csrwood.com\/\"},{\"@type\":\"ListItem\",\"position\":2,\"name\":\"Elementor #5579\"}]},{\"@type\":\"WebSite\",\"@id\":\"https:\/\/csrwood.com\/#website\",\"url\":\"https:\/\/csrwood.com\/\",\"name\":\"CSR \u2013 Customised \u2022 Supplier \u2022 Reseller\",\"description\":\"\",\"potentialAction\":[{\"@type\":\"SearchAction\",\"target\":{\"@type\":\"EntryPoint\",\"urlTemplate\":\"https:\/\/csrwood.com\/?s={search_term_string}\"},\"query-input\":{\"@type\":\"PropertyValueSpecification\",\"valueRequired\":true,\"valueName\":\"search_term_string\"}}],\"inLanguage\":\"tr\"}]}<\/script>\n<!-- \/ Yoast SEO plugin. -->","yoast_head_json":{"title":"Elementor #5579 - CSR \u2013 Customised \u2022 Supplier \u2022 Reseller","robots":{"index":"noindex","follow":"follow","max-snippet":"max-snippet:-1","max-image-preview":"max-image-preview:large","max-video-preview":"max-video-preview:-1"},"og_locale":"tr_TR","og_type":"article","og_title":"Elementor #5579 - CSR \u2013 Customised \u2022 Supplier \u2022 Reseller","og_description":"B\u00fct\u00fcn servisler Kitchen Cabinet Doors Sinks PVC\/PET MDF Panels Mutfak Dolab\u0131 G\u00f6vdeleri Vacuum Membrane Cabinet Door Bug\u00fcn ileti\u015fime ge\u00e7in","og_url":"https:\/\/csrwood.com\/index.php\/tr\/elementor-5579\/","og_site_name":"CSR \u2013 Customised \u2022 Supplier \u2022 Reseller","article_modified_time":"2025-07-10T09:16:42+00:00","og_image":[{"url":"https:\/\/csrwood.com\/wp-content\/plugins\/pixfort-core\/functions\/images\/loading.webp","type":"","width":"","height":""}],"twitter_card":"summary_large_image","twitter_misc":{"Tahmini okuma s\u00fcresi":"2 dakika"},"schema":{"@context":"https:\/\/schema.org","@graph":[{"@type":"WebPage","@id":"https:\/\/csrwood.com\/index.php\/tr\/elementor-5579\/","url":"https:\/\/csrwood.com\/index.php\/tr\/elementor-5579\/","name":"Elementor #5579 - CSR \u2013 Customised \u2022 Supplier \u2022 Reseller","isPartOf":{"@id":"https:\/\/csrwood.com\/#website"},"primaryImageOfPage":{"@id":"https:\/\/csrwood.com\/index.php\/tr\/elementor-5579\/#primaryimage"},"image":{"@id":"https:\/\/csrwood.com\/index.php\/tr\/elementor-5579\/#primaryimage"},"thumbnailUrl":"https:\/\/csrwood.com\/wp-content\/plugins\/pixfort-core\/functions\/images\/loading.webp","datePublished":"2025-07-10T08:34:33+00:00","dateModified":"2025-07-10T09:16:42+00:00","breadcrumb":{"@id":"https:\/\/csrwood.com\/index.php\/tr\/elementor-5579\/#breadcrumb"},"inLanguage":"tr","potentialAction":[{"@type":"ReadAction","target":["https:\/\/csrwood.com\/index.php\/tr\/elementor-5579\/"]}]},{"@type":"ImageObject","inLanguage":"tr","@id":"https:\/\/csrwood.com\/index.php\/tr\/elementor-5579\/#primaryimage","url":"https:\/\/csrwood.com\/wp-content\/plugins\/pixfort-core\/functions\/images\/loading.webp","contentUrl":"https:\/\/csrwood.com\/wp-content\/plugins\/pixfort-core\/functions\/images\/loading.webp"},{"@type":"BreadcrumbList","@id":"https:\/\/csrwood.com\/index.php\/tr\/elementor-5579\/#breadcrumb","itemListElement":[{"@type":"ListItem","position":1,"name":"Anasayfa","item":"https:\/\/csrwood.com\/"},{"@type":"ListItem","position":2,"name":"Elementor #5579"}]},{"@type":"WebSite","@id":"https:\/\/csrwood.com\/#website","url":"https:\/\/csrwood.com\/","name":"CSR \u2013 Customised \u2022 Supplier \u2022 Reseller","description":"","potentialAction":[{"@type":"SearchAction","target":{"@type":"EntryPoint","urlTemplate":"https:\/\/csrwood.com\/?s={search_term_string}"},"query-input":{"@type":"PropertyValueSpecification","valueRequired":true,"valueName":"search_term_string"}}],"inLanguage":"tr"}]}},"_links":{"self":[{"href":"https:\/\/csrwood.com\/index.php\/wp-json\/wp\/v2\/pages\/5579","targetHints":{"allow":["GET"]}}],"collection":[{"href":"https:\/\/csrwood.com\/index.php\/wp-json\/wp\/v2\/pages"}],"about":[{"href":"https:\/\/csrwood.com\/index.php\/wp-json\/wp\/v2\/types\/page"}],"author":[{"embeddable":true,"href":"https:\/\/csrwood.com\/index.php\/wp-json\/wp\/v2\/users\/2"}],"replies":[{"embeddable":true,"href":"https:\/\/csrwood.com\/index.php\/wp-json\/wp\/v2\/comments?post=5579"}],"version-history":[{"count":7,"href":"https:\/\/csrwood.com\/index.php\/wp-json\/wp\/v2\/pages\/5579\/revisions"}],"predecessor-version":[{"id":5587,"href":"https:\/\/csrwood.com\/index.php\/wp-json\/wp\/v2\/pages\/5579\/revisions\/5587"}],"wp:attachment":[{"href":"https:\/\/csrwood.com\/index.php\/wp-json\/wp\/v2\/media?parent=5579"}],"curies":[{"name":"wp","href":"https:\/\/api.w.org\/{rel}","templated":true}]}}