{"id":5588,"date":"2025-07-10T12:47:29","date_gmt":"2025-07-10T09:47:29","guid":{"rendered":"https:\/\/csrwood.com\/?page_id=5588"},"modified":"2025-07-10T12:49:53","modified_gmt":"2025-07-10T09:49:53","slug":"iletisim","status":"publish","type":"page","link":"https:\/\/csrwood.com\/index.php\/tr\/iletisim\/","title":{"rendered":"\u0130leti\u015fim"},"content":{"rendered":"\t\t<div data-elementor-type=\"wp-page\" data-elementor-id=\"5588\" class=\"elementor elementor-5588\" data-elementor-post-type=\"page\">\n\t\t\t\t\t\t<section class=\"elementor-section elementor-top-section elementor-element elementor-element-2411664 elementor-section-boxed elementor-section-height-default elementor-section-height-default\" data-id=\"2411664\" data-element_type=\"section\" data-settings=\"{&quot;background_background&quot;:&quot;classic&quot;}\">\n\t\t\t\t\t\t<div class=\"elementor-container elementor-column-gap-default\">\n\t\t\t\t\t<div class=\"elementor-column elementor-col-50 elementor-top-column elementor-element elementor-element-f2dbc68\" data-id=\"f2dbc68\" data-element_type=\"column\">\n\t\t\t<div class=\"elementor-widget-wrap elementor-element-populated\">\n\t\t\t\t\t\t<div class=\"elementor-element elementor-element-13532a8 elementor-widget elementor-widget-pix-highlighted-text\" data-id=\"13532a8\" data-element_type=\"widget\" data-widget_type=\"pix-highlighted-text.default\">\n\t\t\t\t<div class=\"elementor-widget-container\">\n\t\t\t\t\t<div id=\"highlighted-text-31386071\" class=\"pix-highlighted-element text-left \"><h2 class=\"pix-highlighted-items \" style=\"\" data-anim-type=\"\" data-anim-delay=\"\"><span id=\"highlighted-text-31386071-0\" class=\" elementor-repeater-item-d38df35\"><span class=\"pix-highlighted-text pix-highlight-item font-weight-normal  heading-font text-gray-1\">Bug\u00fcn <\/span><\/span><span id=\"highlighted-text-31386071-1\" class=\"pix-highlight-bg align-middle2   elementor-repeater-item-b2f5606 highlighted-text-31386071-1 animate-in\" data-anim-type=\"highlight-grow\" data-anim-delay=\"200\"><span class=\"pix-highlighted-text  pix-highlight-item font-weight-normal  font-weight-bold heading-font text-gray-1\">\u0130leti\u015fime ge\u00e7in <\/span><\/span><\/h2><\/div>\t\t\t\t<\/div>\n\t\t\t\t<\/div>\n\t\t\t\t<div class=\"elementor-element elementor-element-12f0414 elementor-widget elementor-widget-pix-text\" data-id=\"12f0414\" data-element_type=\"widget\" data-widget_type=\"pix-text.default\">\n\t\t\t\t<div class=\"elementor-widget-container\">\n\t\t\t\t\t<div class=\"pix-el-text w-100 text-left \" ><p class=\"text-20 resp-option text-gray-1 text-left \" >Size yard\u0131mc\u0131 olmaktan mutluluk duyar\u0131z.\n\n\u00dcr\u00fcnlerimiz, fiyat tekliflerimiz veya \u00f6zel talepleriniz hakk\u0131nda bizimle ileti\u015fime ge\u00e7mek i\u00e7in a\u015fa\u011f\u0131daki formu doldurabilir, e-posta g\u00f6nderebilir veya do\u011frudan bizi arayabilirsiniz.<\/p><\/div>\t\t\t\t<\/div>\n\t\t\t\t<\/div>\n\t\t\t\t<div class=\"elementor-element elementor-element-938f1c2 elementor-invisible elementor-widget elementor-widget-pix-social-icons\" data-id=\"938f1c2\" data-element_type=\"widget\" data-widget_type=\"pix-social-icons.default\">\n\t\t\t\t<div class=\"elementor-widget-container\">\n\t\t\t\t\t<div class=\"text-heading-default text-left pix-social-icons font-weight-bold d-inline-block w-100 \" style=\"font-size:32px;\"><a target=\"_blank\" href=\"https:\/\/www.instagram.com\/csrwood\/\" aria-label=\"pixicon-instagram2\" class=\"text-heading-default animate-in d-inline-block fly-sm  px-2\" data-anim-type=\"fade-in-up\" data-anim-delay=\"400\"><i class=\"pixicon-instagram2\" style=\"\"><\/i><\/a><a target=\"_blank\" href=\"https:\/\/www.linkedin.com\/company\/csr-wood-import-export\/about\/\" aria-label=\"pixicon-linkedin2\" class=\"text-heading-default animate-in d-inline-block fly-sm  px-2\" data-anim-type=\"fade-in-up\" data-anim-delay=\"500\"><i class=\"pixicon-linkedin2\" style=\"\"><\/i><\/a><a target=\"_blank\" href=\"https:\/\/www.facebook.com\/csrwood\/\" aria-label=\"pixicon-facebook3\" class=\"text-heading-default animate-in d-inline-block fly-sm  px-2\" data-anim-type=\"fade-in-up\" data-anim-delay=\"600\"><i class=\"pixicon-facebook3\" style=\"\"><\/i><\/a><\/div>\t\t\t\t<\/div>\n\t\t\t\t<\/div>\n\t\t\t\t\t<\/div>\n\t\t<\/div>\n\t\t\t\t<div class=\"elementor-column elementor-col-50 elementor-top-column elementor-element elementor-element-2b573f3\" data-id=\"2b573f3\" data-element_type=\"column\">\n\t\t\t<div class=\"elementor-widget-wrap elementor-element-populated\">\n\t\t\t\t\t\t<div class=\"elementor-element elementor-element-e3daf71 bg-white shadow-sm shadow-hover-sm fly-sm rounded-10  mb-3 elementor-widget elementor-widget-pix-feature\" data-id=\"e3daf71\" data-element_type=\"widget\" data-widget_type=\"pix-feature.default\">\n\t\t\t\t<div class=\"elementor-widget-container\">\n\t\t\t\t\t<a href=\"https:\/\/maps.app.goo.gl\/TQeqTtWxTityqcDd7\" target=\"_blank\"><div id=\"duo-icon-120620458\" class=\"pix-feature-el  media \"><div class=\"mr-3 feature_img \"   style=\"position:relative;text-align:center;\"><i style=\"display:inline-block;font-size:40px;min-width:40px;line-height:40px;\" class=\"text-secondary align-middle pixicon-map-pinned-2\"><\/i><\/div><div class=\"media-body text-custom\"><h6 class=\"font-weight-bold   text-black  \" style=\"padding-top:8px;\"  >Ofisimize yol tarifi al\u0131n<\/h6><div class=\"text-text-gray    font-weight-bold  \" style=\"padding-top:20px;\"  ><\/div><\/div><\/div><\/a>\t\t\t\t<\/div>\n\t\t\t\t<\/div>\n\t\t\t\t<div class=\"elementor-element elementor-element-abf0d3c bg-white shadow-sm shadow-hover-sm fly-sm rounded-10  mb-3 elementor-widget elementor-widget-pix-feature\" data-id=\"abf0d3c\" data-element_type=\"widget\" data-widget_type=\"pix-feature.default\">\n\t\t\t\t<div class=\"elementor-widget-container\">\n\t\t\t\t\t<a href=\"tel:+905543181632\" target=\"_blank\"><div id=\"duo-icon-23771450\" class=\"pix-feature-el  media \"><div class=\"mr-3 feature_img \"   style=\"position:relative;text-align:center;\"><i style=\"display:inline-block;font-size:40px;min-width:40px;line-height:40px;\" class=\"text-secondary align-middle pixicon-user-male-phone\"><\/i><\/div><div class=\"media-body text-custom\"><h6 class=\"font-weight-bold   text-black  \" style=\"padding-top:8px;\"  >Destek ekibimizle ileti\u015fime ge\u00e7in<\/h6><div class=\"text-black    font-weight-bold  \" style=\"padding-top:20px;\"  ><\/div><\/div><\/div><\/a>\t\t\t\t<\/div>\n\t\t\t\t<\/div>\n\t\t\t\t<div class=\"elementor-element elementor-element-a806d56 bg-white shadow-sm shadow-hover-sm fly-sm rounded-10  mb-3 elementor-widget elementor-widget-pix-feature\" data-id=\"a806d56\" data-element_type=\"widget\" data-widget_type=\"pix-feature.default\">\n\t\t\t\t<div class=\"elementor-widget-container\">\n\t\t\t\t\t<a href=\"mailto:info@csrwood.com\" target=\"_blank\"><div id=\"duo-icon-81475850\" class=\"pix-feature-el  media \"><div class=\"mr-3 feature_img \"   style=\"position:relative;text-align:center;\"><i style=\"display:inline-block;font-size:40px;min-width:40px;line-height:40px;\" class=\"text-secondary align-middle pixicon-email-1\"><\/i><\/div><div class=\"media-body text-custom\"><h6 class=\"font-weight-bold   text-black  \" style=\"padding-top:8px;\"  >Bize e-mail g\u00f6nderin <\/h6><div class=\"text-text-gray    font-weight-bold  \" style=\"padding-top:20px;\"  ><\/div><\/div><\/div><\/a>\t\t\t\t<\/div>\n\t\t\t\t<\/div>\n\t\t\t\t\t<\/div>\n\t\t<\/div>\n\t\t\t\t\t<\/div>\n\t\t<\/section>\n\t\t\t\t<section class=\"elementor-section elementor-top-section elementor-element elementor-element-31cfcf2 elementor-section-boxed elementor-section-height-default elementor-section-height-default\" data-id=\"31cfcf2\" data-element_type=\"section\">\n\t\t\t\t\t\t<div class=\"elementor-container elementor-column-gap-default\">\n\t\t\t\t\t<div class=\"elementor-column elementor-col-50 elementor-top-column elementor-element elementor-element-863ec05\" data-id=\"863ec05\" data-element_type=\"column\">\n\t\t\t<div class=\"elementor-widget-wrap elementor-element-populated\">\n\t\t\t\t\t\t<div class=\"elementor-element elementor-element-fc365d9 elementor-widget elementor-widget-pix-heading\" data-id=\"fc365d9\" data-element_type=\"widget\" data-widget_type=\"pix-heading.default\">\n\t\t\t\t<div class=\"elementor-widget-container\">\n\t\t\t\t\t<div  class=\"pix-heading-el text-left \"><div><div class=\"slide-in-container2\"><h5 class=\"text-heading-default font-weight-bold heading-text el-title_custom_color mb-12\" style=\"\" data-anim-type=\"\" data-anim-delay=\"\">T\u00fcm taleplerinize h\u0131zl\u0131, \u015feffaf ve \u00e7\u00f6z\u00fcm odakl\u0131 yakla\u015f\u0131yoruz.<\/h5><\/div><\/div><\/div>\t\t\t\t<\/div>\n\t\t\t\t<\/div>\n\t\t\t\t<div class=\"elementor-element elementor-element-e21eb6d elementor-widget elementor-widget-pix-text\" data-id=\"e21eb6d\" data-element_type=\"widget\" data-widget_type=\"pix-text.default\">\n\t\t\t\t<div class=\"elementor-widget-container\">\n\t\t\t\t\t<div class=\"pix-el-text w-100 text-left \" ><div class=\"d-inline-block\" style=\"max-width:600px;\"><p class=\"text-20 resp-option text-body-default text-left \" >KSS ile \u00e7al\u0131\u015fmak bir tedarik zincirinden daha fazlas\u0131d\u0131r; g\u00fcvenilir bir i\u015f ortakl\u0131\u011f\u0131d\u0131r.<\/p><\/div><\/div>\t\t\t\t<\/div>\n\t\t\t\t<\/div>\n\t\t\t\t<div class=\"elementor-element elementor-element-18f68d54 elementor-button-align-stretch elementor-widget elementor-widget-form\" data-id=\"18f68d54\" data-element_type=\"widget\" data-settings=\"{&quot;step_next_label&quot;:&quot;Next&quot;,&quot;step_previous_label&quot;:&quot;Previous&quot;,&quot;button_width&quot;:&quot;100&quot;,&quot;step_type&quot;:&quot;number_text&quot;,&quot;step_icon_shape&quot;:&quot;circle&quot;}\" data-widget_type=\"form.default\">\n\t\t\t\t<div class=\"elementor-widget-container\">\n\t\t\t\t\t\t\t<form class=\"elementor-form\" method=\"post\" name=\"Web Sitesi Form\">\n\t\t\t<input type=\"hidden\" name=\"post_id\" value=\"5588\"\/>\n\t\t\t<input type=\"hidden\" name=\"form_id\" value=\"18f68d54\"\/>\n\t\t\t<input type=\"hidden\" name=\"referer_title\" value=\"CSR \u2013 Customised \u2022 Supplier \u2022 Reseller\" \/>\n\n\t\t\t\n\t\t\t<div class=\"elementor-form-fields-wrapper elementor-labels-above\">\n\t\t\t\t\t\t\t\t<div class=\"elementor-field-type-text elementor-field-group elementor-column elementor-field-group-name elementor-col-100 elementor-field-required elementor-mark-required\">\n\t\t\t\t\t\t\t\t\t\t\t\t<label for=\"form-field-name\" class=\"elementor-field-label\">\n\t\t\t\t\t\t\t\tTam ad\t\t\t\t\t\t\t<\/label>\n\t\t\t\t\t\t\t\t\t\t\t\t\t\t<input size=\"1\" type=\"text\" name=\"form_fields[name]\" id=\"form-field-name\" class=\"elementor-field elementor-size-sm  elementor-field-textual\" required=\"required\" aria-required=\"true\">\n\t\t\t\t\t\t\t\t\t\t\t<\/div>\n\t\t\t\t\t\t\t\t<div class=\"elementor-field-type-text elementor-field-group elementor-column elementor-field-group-field_c6baefd elementor-col-100 elementor-field-required elementor-mark-required\">\n\t\t\t\t\t\t\t\t\t\t\t\t<label for=\"form-field-field_c6baefd\" class=\"elementor-field-label\">\n\t\t\t\t\t\t\t\tFirma ad\u0131\t\t\t\t\t\t\t<\/label>\n\t\t\t\t\t\t\t\t\t\t\t\t\t\t<input size=\"1\" type=\"text\" name=\"form_fields[field_c6baefd]\" id=\"form-field-field_c6baefd\" class=\"elementor-field elementor-size-sm  elementor-field-textual\" required=\"required\" aria-required=\"true\">\n\t\t\t\t\t\t\t\t\t\t\t<\/div>\n\t\t\t\t\t\t\t\t<div class=\"elementor-field-type-email elementor-field-group elementor-column elementor-field-group-email elementor-col-100 elementor-field-required elementor-mark-required\">\n\t\t\t\t\t\t\t\t\t\t\t\t<label for=\"form-field-email\" class=\"elementor-field-label\">\n\t\t\t\t\t\t\t\tE-mail adresi\t\t\t\t\t\t\t<\/label>\n\t\t\t\t\t\t\t\t\t\t\t\t\t\t<input size=\"1\" type=\"email\" name=\"form_fields[email]\" id=\"form-field-email\" class=\"elementor-field elementor-size-sm  elementor-field-textual\" required=\"required\" aria-required=\"true\">\n\t\t\t\t\t\t\t\t\t\t\t<\/div>\n\t\t\t\t\t\t\t\t<div class=\"elementor-field-type-tel elementor-field-group elementor-column elementor-field-group-field_9ebb4bf elementor-col-100 elementor-field-required elementor-mark-required\">\n\t\t\t\t\t\t\t\t\t\t\t\t<label for=\"form-field-field_9ebb4bf\" class=\"elementor-field-label\">\n\t\t\t\t\t\t\t\tTelefonuzu giriniz\t\t\t\t\t\t\t<\/label>\n\t\t\t\t\t\t\t\t<input size=\"1\" type=\"tel\" name=\"form_fields[field_9ebb4bf]\" id=\"form-field-field_9ebb4bf\" class=\"elementor-field elementor-size-sm  elementor-field-textual\" required=\"required\" aria-required=\"true\" pattern=\"[0-9()#&amp;+*-=.]+\" title=\"Only numbers and phone characters (#, -, *, etc) are accepted.\">\n\n\t\t\t\t\t\t<\/div>\n\t\t\t\t\t\t\t\t<div class=\"elementor-field-type-select elementor-field-group elementor-column elementor-field-group-field_5247f01 elementor-col-100 elementor-field-required elementor-mark-required\">\n\t\t\t\t\t\t\t\t\t\t\t\t<label for=\"form-field-field_5247f01\" class=\"elementor-field-label\">\n\t\t\t\t\t\t\t\t\u00dcr\u00fcn\u00fcn\u00fcz\u00fc se\u00e7in\t\t\t\t\t\t\t<\/label>\n\t\t\t\t\t\t\t\t<div class=\"elementor-field elementor-select-wrapper remove-before \">\n\t\t\t<div class=\"select-caret-down-wrapper\">\n\t\t\t\t<svg aria-hidden=\"true\" class=\"e-font-icon-svg e-eicon-caret-down\" viewBox=\"0 0 571.4 571.4\" xmlns=\"http:\/\/www.w3.org\/2000\/svg\"><path d=\"M571 393Q571 407 561 418L311 668Q300 679 286 679T261 668L11 418Q0 407 0 393T11 368 36 357H536Q550 357 561 368T571 393Z\"><\/path><\/svg>\t\t\t<\/div>\n\t\t\t<select name=\"form_fields[field_5247f01]\" id=\"form-field-field_5247f01\" class=\"elementor-field-textual elementor-size-sm\" required=\"required\" aria-required=\"true\">\n\t\t\t\t\t\t\t\t\t<option value=\" Bodies \">Covers <\/option>\n\t\t\t\t\t\t\t<\/select>\n\t\t<\/div>\n\t\t\t\t\t\t<\/div>\n\t\t\t\t\t\t\t\t<div class=\"elementor-field-type-textarea elementor-field-group elementor-column elementor-field-group-message elementor-col-100\">\n\t\t\t\t\t\t\t\t\t\t\t\t<label for=\"form-field-message\" class=\"elementor-field-label\">\n\t\t\t\t\t\t\t\tMesaj\u0131n\u0131z\u0131 a\u015fa\u011f\u0131ya yaz\u0131n\t\t\t\t\t\t\t<\/label>\n\t\t\t\t\t\t<textarea class=\"elementor-field-textual elementor-field  elementor-size-sm\" name=\"form_fields[message]\" id=\"form-field-message\" rows=\"4\"><\/textarea>\t\t\t\t<\/div>\n\t\t\t\t\t\t\t\t<div class=\"elementor-field-group elementor-column elementor-field-type-submit elementor-col-100 e-form__buttons\">\n\t\t\t\t\t<button class=\"elementor-button elementor-size-sm\" type=\"submit\">\n\t\t\t\t\t\t<span class=\"elementor-button-content-wrapper\">\n\t\t\t\t\t\t\t\t\t\t\t\t\t\t\t\t\t\t\t\t\t\t<span class=\"elementor-button-text\">Formu g\u00f6nderin <\/span>\n\t\t\t\t\t\t\t\t\t\t\t\t\t<\/span>\n\t\t\t\t\t<\/button>\n\t\t\t\t<\/div>\n\t\t\t<\/div>\n\t\t<\/form>\n\t\t\t\t\t\t<\/div>\n\t\t\t\t<\/div>\n\t\t\t\t\t<\/div>\n\t\t<\/div>\n\t\t\t\t<div class=\"elementor-column elementor-col-50 elementor-top-column elementor-element elementor-element-cefad4f\" data-id=\"cefad4f\" data-element_type=\"column\">\n\t\t\t<div class=\"elementor-widget-wrap elementor-element-populated\">\n\t\t\t\t\t\t<div class=\"elementor-element elementor-element-2b4cbdd elementor-widget elementor-widget-text-editor\" data-id=\"2b4cbdd\" data-element_type=\"widget\" data-widget_type=\"text-editor.default\">\n\t\t\t\t<div class=\"elementor-widget-container\">\n\t\t\t\t\t\t\t\t\t<iframe style=\"border: 0;\" src=\"https:\/\/www.google.com\/maps\/embed?pb=!1m18!1m12!1m3!1d6249.976472664029!2d27.168521629843077!3d38.441740675855414!2m3!1f0!2f0!3f0!3m2!1i1024!2i768!4f13.1!3m3!1m2!1s0x14bbd9aa66f5872d%3A0x9fcdf0cf2252c01a!2sCSR%20Wood%20Import%20%26%20Export!5e0!3m2!1str!2str!4v1747496002861!5m2!1str!2str\" width=\"800\" height=\"750\" allowfullscreen=\"allowfullscreen\"><span data-mce-type=\"bookmark\" style=\"display: inline-block; width: 0px; overflow: hidden; line-height: 0;\" class=\"mce_SELRES_start\">\ufeff<\/span><\/iframe>\t\t\t\t\t\t\t\t<\/div>\n\t\t\t\t<\/div>\n\t\t\t\t\t<\/div>\n\t\t<\/div>\n\t\t\t\t\t<\/div>\n\t\t<\/section>\n\t\t\t\t<\/div>\n\t\t","protected":false},"excerpt":{"rendered":"<p>Bug\u00fcn \u0130leti\u015fime ge\u00e7in Size yard\u0131mc\u0131 olmaktan mutluluk duyar\u0131z. \u00dcr\u00fcnlerimiz, fiyat tekliflerimiz veya \u00f6zel talepleriniz hakk\u0131nda bizimle ileti\u015fime ge\u00e7mek i\u00e7in a\u015fa\u011f\u0131daki formu doldurabilir, e-posta g\u00f6nderebilir veya do\u011frudan bizi arayabilirsiniz. Ofisimize yol tarifi al\u0131n Destek ekibimizle ileti\u015fime ge\u00e7in Bize e-mail g\u00f6nderin T\u00fcm&#8230;<\/p>\n","protected":false},"author":2,"featured_media":0,"parent":0,"menu_order":0,"comment_status":"closed","ping_status":"closed","template":"","meta":{"footnotes":""},"class_list":["post-5588","page","type-page","status-publish","hentry"],"yoast_head":"<!-- This site is optimized with the Yoast SEO plugin v25.1 - https:\/\/yoast.com\/wordpress\/plugins\/seo\/ -->\n<title>\u0130leti\u015fim - CSR \u2013 Customised \u2022 Supplier \u2022 Reseller<\/title>\n<meta name=\"robots\" content=\"noindex, follow, max-snippet:-1, max-image-preview:large, max-video-preview:-1\" \/>\n<meta property=\"og:locale\" content=\"tr_TR\" \/>\n<meta property=\"og:type\" content=\"article\" \/>\n<meta property=\"og:title\" content=\"\u0130leti\u015fim - CSR \u2013 Customised \u2022 Supplier \u2022 Reseller\" \/>\n<meta property=\"og:description\" content=\"Bug\u00fcn \u0130leti\u015fime ge\u00e7in Size yard\u0131mc\u0131 olmaktan mutluluk duyar\u0131z. \u00dcr\u00fcnlerimiz, fiyat tekliflerimiz veya \u00f6zel talepleriniz hakk\u0131nda bizimle ileti\u015fime ge\u00e7mek i\u00e7in a\u015fa\u011f\u0131daki formu doldurabilir, e-posta g\u00f6nderebilir veya do\u011frudan bizi arayabilirsiniz. Ofisimize yol tarifi al\u0131n Destek ekibimizle ileti\u015fime ge\u00e7in Bize e-mail g\u00f6nderin T\u00fcm...\" \/>\n<meta property=\"og:url\" content=\"https:\/\/csrwood.com\/index.php\/tr\/iletisim\/\" \/>\n<meta property=\"og:site_name\" content=\"CSR \u2013 Customised \u2022 Supplier \u2022 Reseller\" \/>\n<meta property=\"article:modified_time\" content=\"2025-07-10T09:49:53+00:00\" \/>\n<meta name=\"twitter:card\" content=\"summary_large_image\" \/>\n<meta name=\"twitter:label1\" content=\"Tahmini okuma s\u00fcresi\" \/>\n\t<meta name=\"twitter:data1\" content=\"1 dakika\" \/>\n<script type=\"application\/ld+json\" class=\"yoast-schema-graph\">{\"@context\":\"https:\/\/schema.org\",\"@graph\":[{\"@type\":\"WebPage\",\"@id\":\"https:\/\/csrwood.com\/index.php\/tr\/iletisim\/\",\"url\":\"https:\/\/csrwood.com\/index.php\/tr\/iletisim\/\",\"name\":\"\u0130leti\u015fim - CSR \u2013 Customised \u2022 Supplier \u2022 Reseller\",\"isPartOf\":{\"@id\":\"https:\/\/csrwood.com\/#website\"},\"datePublished\":\"2025-07-10T09:47:29+00:00\",\"dateModified\":\"2025-07-10T09:49:53+00:00\",\"breadcrumb\":{\"@id\":\"https:\/\/csrwood.com\/index.php\/tr\/iletisim\/#breadcrumb\"},\"inLanguage\":\"tr\",\"potentialAction\":[{\"@type\":\"ReadAction\",\"target\":[\"https:\/\/csrwood.com\/index.php\/tr\/iletisim\/\"]}]},{\"@type\":\"BreadcrumbList\",\"@id\":\"https:\/\/csrwood.com\/index.php\/tr\/iletisim\/#breadcrumb\",\"itemListElement\":[{\"@type\":\"ListItem\",\"position\":1,\"name\":\"Anasayfa\",\"item\":\"https:\/\/csrwood.com\/\"},{\"@type\":\"ListItem\",\"position\":2,\"name\":\"\u0130leti\u015fim\"}]},{\"@type\":\"WebSite\",\"@id\":\"https:\/\/csrwood.com\/#website\",\"url\":\"https:\/\/csrwood.com\/\",\"name\":\"CSR \u2013 Customised \u2022 Supplier \u2022 Reseller\",\"description\":\"\",\"potentialAction\":[{\"@type\":\"SearchAction\",\"target\":{\"@type\":\"EntryPoint\",\"urlTemplate\":\"https:\/\/csrwood.com\/?s={search_term_string}\"},\"query-input\":{\"@type\":\"PropertyValueSpecification\",\"valueRequired\":true,\"valueName\":\"search_term_string\"}}],\"inLanguage\":\"tr\"}]}<\/script>\n<!-- \/ Yoast SEO plugin. -->","yoast_head_json":{"title":"\u0130leti\u015fim - CSR \u2013 Customised \u2022 Supplier \u2022 Reseller","robots":{"index":"noindex","follow":"follow","max-snippet":"max-snippet:-1","max-image-preview":"max-image-preview:large","max-video-preview":"max-video-preview:-1"},"og_locale":"tr_TR","og_type":"article","og_title":"\u0130leti\u015fim - CSR \u2013 Customised \u2022 Supplier \u2022 Reseller","og_description":"Bug\u00fcn \u0130leti\u015fime ge\u00e7in Size yard\u0131mc\u0131 olmaktan mutluluk duyar\u0131z. \u00dcr\u00fcnlerimiz, fiyat tekliflerimiz veya \u00f6zel talepleriniz hakk\u0131nda bizimle ileti\u015fime ge\u00e7mek i\u00e7in a\u015fa\u011f\u0131daki formu doldurabilir, e-posta g\u00f6nderebilir veya do\u011frudan bizi arayabilirsiniz. Ofisimize yol tarifi al\u0131n Destek ekibimizle ileti\u015fime ge\u00e7in Bize e-mail g\u00f6nderin T\u00fcm...","og_url":"https:\/\/csrwood.com\/index.php\/tr\/iletisim\/","og_site_name":"CSR \u2013 Customised \u2022 Supplier \u2022 Reseller","article_modified_time":"2025-07-10T09:49:53+00:00","twitter_card":"summary_large_image","twitter_misc":{"Tahmini okuma s\u00fcresi":"1 dakika"},"schema":{"@context":"https:\/\/schema.org","@graph":[{"@type":"WebPage","@id":"https:\/\/csrwood.com\/index.php\/tr\/iletisim\/","url":"https:\/\/csrwood.com\/index.php\/tr\/iletisim\/","name":"\u0130leti\u015fim - CSR \u2013 Customised \u2022 Supplier \u2022 Reseller","isPartOf":{"@id":"https:\/\/csrwood.com\/#website"},"datePublished":"2025-07-10T09:47:29+00:00","dateModified":"2025-07-10T09:49:53+00:00","breadcrumb":{"@id":"https:\/\/csrwood.com\/index.php\/tr\/iletisim\/#breadcrumb"},"inLanguage":"tr","potentialAction":[{"@type":"ReadAction","target":["https:\/\/csrwood.com\/index.php\/tr\/iletisim\/"]}]},{"@type":"BreadcrumbList","@id":"https:\/\/csrwood.com\/index.php\/tr\/iletisim\/#breadcrumb","itemListElement":[{"@type":"ListItem","position":1,"name":"Anasayfa","item":"https:\/\/csrwood.com\/"},{"@type":"ListItem","position":2,"name":"\u0130leti\u015fim"}]},{"@type":"WebSite","@id":"https:\/\/csrwood.com\/#website","url":"https:\/\/csrwood.com\/","name":"CSR \u2013 Customised \u2022 Supplier \u2022 Reseller","description":"","potentialAction":[{"@type":"SearchAction","target":{"@type":"EntryPoint","urlTemplate":"https:\/\/csrwood.com\/?s={search_term_string}"},"query-input":{"@type":"PropertyValueSpecification","valueRequired":true,"valueName":"search_term_string"}}],"inLanguage":"tr"}]}},"_links":{"self":[{"href":"https:\/\/csrwood.com\/index.php\/wp-json\/wp\/v2\/pages\/5588","targetHints":{"allow":["GET"]}}],"collection":[{"href":"https:\/\/csrwood.com\/index.php\/wp-json\/wp\/v2\/pages"}],"about":[{"href":"https:\/\/csrwood.com\/index.php\/wp-json\/wp\/v2\/types\/page"}],"author":[{"embeddable":true,"href":"https:\/\/csrwood.com\/index.php\/wp-json\/wp\/v2\/users\/2"}],"replies":[{"embeddable":true,"href":"https:\/\/csrwood.com\/index.php\/wp-json\/wp\/v2\/comments?post=5588"}],"version-history":[{"count":5,"href":"https:\/\/csrwood.com\/index.php\/wp-json\/wp\/v2\/pages\/5588\/revisions"}],"predecessor-version":[{"id":5595,"href":"https:\/\/csrwood.com\/index.php\/wp-json\/wp\/v2\/pages\/5588\/revisions\/5595"}],"wp:attachment":[{"href":"https:\/\/csrwood.com\/index.php\/wp-json\/wp\/v2\/media?parent=5588"}],"curies":[{"name":"wp","href":"https:\/\/api.w.org\/{rel}","templated":true}]}}