{"id":5606,"date":"2025-07-10T17:20:00","date_gmt":"2025-07-10T14:20:00","guid":{"rendered":"https:\/\/csrwood.com\/?page_id=5606"},"modified":"2025-07-10T17:22:23","modified_gmt":"2025-07-10T14:22:23","slug":"indirme-katalogu","status":"publish","type":"page","link":"https:\/\/csrwood.com\/index.php\/tr\/indirme-katalogu\/","title":{"rendered":"\u0130ndirme katalo\u011fu"},"content":{"rendered":"\t\t<div data-elementor-type=\"wp-page\" data-elementor-id=\"5606\" class=\"elementor elementor-5606\" data-elementor-post-type=\"page\">\n\t\t\t\t\t\t<section class=\"elementor-section elementor-top-section elementor-element elementor-element-31cfcf2 elementor-section-boxed elementor-section-height-default elementor-section-height-default\" data-id=\"31cfcf2\" data-element_type=\"section\">\n\t\t\t\t\t\t<div class=\"elementor-container elementor-column-gap-default\">\n\t\t\t\t\t<div class=\"elementor-column elementor-col-100 elementor-top-column elementor-element elementor-element-863ec05\" data-id=\"863ec05\" data-element_type=\"column\">\n\t\t\t<div class=\"elementor-widget-wrap elementor-element-populated\">\n\t\t\t\t\t\t<div class=\"elementor-element elementor-element-bc008ca elementor-widget elementor-widget-pix-heading\" data-id=\"bc008ca\" data-element_type=\"widget\" data-widget_type=\"pix-heading.default\">\n\t\t\t\t<div class=\"elementor-widget-container\">\n\t\t\t\t\t<div  class=\"pix-heading-el text-center \"><div><div class=\"slide-in-container2\"><h2 class=\"font-weight-bold heading-text el-title_custom_color mb-12\" style=\"\" data-anim-type=\"\" data-anim-delay=\"\">Katalo\u011fu \u0130ndir<\/h2><\/div><\/div><\/div>\t\t\t\t<\/div>\n\t\t\t\t<\/div>\n\t\t\t\t\t<\/div>\n\t\t<\/div>\n\t\t\t\t\t<\/div>\n\t\t<\/section>\n\t\t<div class=\"elementor-element elementor-element-561b285 e-flex e-con-boxed e-con e-parent\" data-id=\"561b285\" data-element_type=\"container\">\n\t\t\t\t\t<div class=\"e-con-inner\">\n\t\t\t\t<div class=\"elementor-element elementor-element-54f09f3 elementor-widget elementor-widget-heading\" data-id=\"54f09f3\" data-element_type=\"widget\" data-widget_type=\"heading.default\">\n\t\t\t\t<div class=\"elementor-widget-container\">\n\t\t\t\t\t<h3 class=\"elementor-heading-title elementor-size-default\">Mutfak Dolab\u0131 G\u00f6vdeleri Katalo\u011fu<\/h3>\t\t\t\t<\/div>\n\t\t\t\t<\/div>\n\t\t\t\t<div class=\"elementor-element elementor-element-635ecf2 elementor-widget elementor-widget-pix-button\" data-id=\"635ecf2\" data-element_type=\"widget\" data-widget_type=\"pix-button.default\">\n\t\t\t\t<div class=\"elementor-widget-container\">\n\t\t\t\t\t<a  href=\"#\" class=\"btn m-0     btn-primary d-inline-block pix-hover-item      btn-rounded animate-in btn-lg\"   data-anim-type=\"fade-in-up\" data-anim-delay=\"0\" ><i class=\"font-weight-bold pixicon-file-download  pix-hover-left  mr-1\"><\/i> <span class=\"font-weight-bold \" >Katalo\u011fu \u0130ndir<\/span><\/a>\t\t\t\t<\/div>\n\t\t\t\t<\/div>\n\t\t\t\t\t<\/div>\n\t\t\t\t<\/div>\n\t\t<div class=\"elementor-element elementor-element-e9c683d e-flex e-con-boxed e-con e-parent\" data-id=\"e9c683d\" data-element_type=\"container\">\n\t\t\t\t\t<div class=\"e-con-inner\">\n\t\t\t\t<div class=\"elementor-element elementor-element-4e6d411 elementor-widget elementor-widget-heading\" data-id=\"4e6d411\" data-element_type=\"widget\" data-widget_type=\"heading.default\">\n\t\t\t\t<div class=\"elementor-widget-container\">\n\t\t\t\t\t<h3 class=\"elementor-heading-title elementor-size-default\">Mutfak Dolab\u0131 Kap\u0131lar\u0131<\/h3>\t\t\t\t<\/div>\n\t\t\t\t<\/div>\n\t\t\t\t<div class=\"elementor-element elementor-element-486e47d elementor-widget elementor-widget-pix-button\" data-id=\"486e47d\" data-element_type=\"widget\" data-widget_type=\"pix-button.default\">\n\t\t\t\t<div class=\"elementor-widget-container\">\n\t\t\t\t\t<a  href=\"#\" class=\"btn m-0     btn-primary d-inline-block pix-hover-item      btn-rounded animate-in btn-lg\"   data-anim-type=\"fade-in-up\" data-anim-delay=\"0\" ><i class=\"font-weight-bold pixicon-file-download  pix-hover-left  mr-1\"><\/i> <span class=\"font-weight-bold \" >Katalo\u011fu \u0130ndir<\/span><\/a>\t\t\t\t<\/div>\n\t\t\t\t<\/div>\n\t\t\t\t\t<\/div>\n\t\t\t\t<\/div>\n\t\t<div class=\"elementor-element elementor-element-5bca3e1 e-flex e-con-boxed e-con e-parent\" data-id=\"5bca3e1\" data-element_type=\"container\">\n\t\t\t\t\t<div class=\"e-con-inner\">\n\t\t\t\t<div class=\"elementor-element elementor-element-ae503dd elementor-widget elementor-widget-heading\" data-id=\"ae503dd\" data-element_type=\"widget\" data-widget_type=\"heading.default\">\n\t\t\t\t<div class=\"elementor-widget-container\">\n\t\t\t\t\t<h3 class=\"elementor-heading-title elementor-size-default\">Lavabolar<\/h3>\t\t\t\t<\/div>\n\t\t\t\t<\/div>\n\t\t\t\t<div class=\"elementor-element elementor-element-013847e elementor-widget elementor-widget-pix-button\" data-id=\"013847e\" data-element_type=\"widget\" data-widget_type=\"pix-button.default\">\n\t\t\t\t<div class=\"elementor-widget-container\">\n\t\t\t\t\t<a  href=\"#\" class=\"btn m-0     btn-primary d-inline-block pix-hover-item      btn-rounded animate-in btn-lg\"   data-anim-type=\"fade-in-up\" data-anim-delay=\"0\" ><i class=\"font-weight-bold pixicon-file-download  pix-hover-left  mr-1\"><\/i> <span class=\"font-weight-bold \" >Katalo\u011fu \u0130ndir<\/span><\/a>\t\t\t\t<\/div>\n\t\t\t\t<\/div>\n\t\t\t\t\t<\/div>\n\t\t\t\t<\/div>\n\t\t<div class=\"elementor-element elementor-element-f040ae8 e-flex e-con-boxed e-con e-parent\" data-id=\"f040ae8\" data-element_type=\"container\">\n\t\t\t\t\t<div class=\"e-con-inner\">\n\t\t\t\t<div class=\"elementor-element elementor-element-3fc4b6f elementor-widget elementor-widget-heading\" data-id=\"3fc4b6f\" data-element_type=\"widget\" data-widget_type=\"heading.default\">\n\t\t\t\t<div class=\"elementor-widget-container\">\n\t\t\t\t\t<h3 class=\"elementor-heading-title elementor-size-default\">Y\u00fcksek Parlakl\u0131k ve Mat PVC\/PET MDF Paneller<\/h3>\t\t\t\t<\/div>\n\t\t\t\t<\/div>\n\t\t\t\t<div class=\"elementor-element elementor-element-a4678cd elementor-widget elementor-widget-pix-button\" data-id=\"a4678cd\" data-element_type=\"widget\" data-widget_type=\"pix-button.default\">\n\t\t\t\t<div class=\"elementor-widget-container\">\n\t\t\t\t\t<a  href=\"#\" class=\"btn m-0     btn-primary d-inline-block pix-hover-item      btn-rounded animate-in btn-lg\"   data-anim-type=\"fade-in-up\" data-anim-delay=\"0\" ><i class=\"font-weight-bold pixicon-file-download  pix-hover-left  mr-1\"><\/i> <span class=\"font-weight-bold \" >Katalo\u011fu \u0130ndir<\/span><\/a>\t\t\t\t<\/div>\n\t\t\t\t<\/div>\n\t\t\t\t\t<\/div>\n\t\t\t\t<\/div>\n\t\t\t\t<\/div>\n\t\t","protected":false},"excerpt":{"rendered":"<p>Katalo\u011fu \u0130ndir Mutfak Dolab\u0131 G\u00f6vdeleri Katalo\u011fu Katalo\u011fu \u0130ndir Mutfak Dolab\u0131 Kap\u0131lar\u0131 Katalo\u011fu \u0130ndir Lavabolar Katalo\u011fu \u0130ndir Y\u00fcksek Parlakl\u0131k ve Mat PVC\/PET MDF Paneller Katalo\u011fu \u0130ndir<\/p>\n","protected":false},"author":2,"featured_media":0,"parent":0,"menu_order":0,"comment_status":"closed","ping_status":"closed","template":"","meta":{"footnotes":""},"class_list":["post-5606","page","type-page","status-publish","hentry"],"yoast_head":"<!-- This site is optimized with the Yoast SEO plugin v25.1 - https:\/\/yoast.com\/wordpress\/plugins\/seo\/ -->\n<title>\u0130ndirme katalo\u011fu - CSR \u2013 Customised \u2022 Supplier \u2022 Reseller<\/title>\n<meta name=\"robots\" content=\"noindex, follow, max-snippet:-1, max-image-preview:large, max-video-preview:-1\" \/>\n<meta property=\"og:locale\" content=\"tr_TR\" \/>\n<meta property=\"og:type\" content=\"article\" \/>\n<meta property=\"og:title\" content=\"\u0130ndirme katalo\u011fu - CSR \u2013 Customised \u2022 Supplier \u2022 Reseller\" \/>\n<meta property=\"og:description\" content=\"Katalo\u011fu \u0130ndir Mutfak Dolab\u0131 G\u00f6vdeleri Katalo\u011fu Katalo\u011fu \u0130ndir Mutfak Dolab\u0131 Kap\u0131lar\u0131 Katalo\u011fu \u0130ndir Lavabolar Katalo\u011fu \u0130ndir Y\u00fcksek Parlakl\u0131k ve Mat PVC\/PET MDF Paneller Katalo\u011fu \u0130ndir\" \/>\n<meta property=\"og:url\" content=\"https:\/\/csrwood.com\/index.php\/tr\/indirme-katalogu\/\" \/>\n<meta property=\"og:site_name\" content=\"CSR \u2013 Customised \u2022 Supplier \u2022 Reseller\" \/>\n<meta property=\"article:modified_time\" content=\"2025-07-10T14:22:23+00:00\" \/>\n<meta name=\"twitter:card\" content=\"summary_large_image\" \/>\n<meta name=\"twitter:label1\" content=\"Tahmini okuma s\u00fcresi\" \/>\n\t<meta name=\"twitter:data1\" content=\"1 dakika\" \/>\n<script type=\"application\/ld+json\" class=\"yoast-schema-graph\">{\"@context\":\"https:\/\/schema.org\",\"@graph\":[{\"@type\":\"WebPage\",\"@id\":\"https:\/\/csrwood.com\/index.php\/tr\/indirme-katalogu\/\",\"url\":\"https:\/\/csrwood.com\/index.php\/tr\/indirme-katalogu\/\",\"name\":\"\u0130ndirme katalo\u011fu - CSR \u2013 Customised \u2022 Supplier \u2022 Reseller\",\"isPartOf\":{\"@id\":\"https:\/\/csrwood.com\/#website\"},\"datePublished\":\"2025-07-10T14:20:00+00:00\",\"dateModified\":\"2025-07-10T14:22:23+00:00\",\"breadcrumb\":{\"@id\":\"https:\/\/csrwood.com\/index.php\/tr\/indirme-katalogu\/#breadcrumb\"},\"inLanguage\":\"tr\",\"potentialAction\":[{\"@type\":\"ReadAction\",\"target\":[\"https:\/\/csrwood.com\/index.php\/tr\/indirme-katalogu\/\"]}]},{\"@type\":\"BreadcrumbList\",\"@id\":\"https:\/\/csrwood.com\/index.php\/tr\/indirme-katalogu\/#breadcrumb\",\"itemListElement\":[{\"@type\":\"ListItem\",\"position\":1,\"name\":\"Anasayfa\",\"item\":\"https:\/\/csrwood.com\/\"},{\"@type\":\"ListItem\",\"position\":2,\"name\":\"\u0130ndirme katalo\u011fu\"}]},{\"@type\":\"WebSite\",\"@id\":\"https:\/\/csrwood.com\/#website\",\"url\":\"https:\/\/csrwood.com\/\",\"name\":\"CSR \u2013 Customised \u2022 Supplier \u2022 Reseller\",\"description\":\"\",\"potentialAction\":[{\"@type\":\"SearchAction\",\"target\":{\"@type\":\"EntryPoint\",\"urlTemplate\":\"https:\/\/csrwood.com\/?s={search_term_string}\"},\"query-input\":{\"@type\":\"PropertyValueSpecification\",\"valueRequired\":true,\"valueName\":\"search_term_string\"}}],\"inLanguage\":\"tr\"}]}<\/script>\n<!-- \/ Yoast SEO plugin. -->","yoast_head_json":{"title":"\u0130ndirme katalo\u011fu - CSR \u2013 Customised \u2022 Supplier \u2022 Reseller","robots":{"index":"noindex","follow":"follow","max-snippet":"max-snippet:-1","max-image-preview":"max-image-preview:large","max-video-preview":"max-video-preview:-1"},"og_locale":"tr_TR","og_type":"article","og_title":"\u0130ndirme katalo\u011fu - CSR \u2013 Customised \u2022 Supplier \u2022 Reseller","og_description":"Katalo\u011fu \u0130ndir Mutfak Dolab\u0131 G\u00f6vdeleri Katalo\u011fu Katalo\u011fu \u0130ndir Mutfak Dolab\u0131 Kap\u0131lar\u0131 Katalo\u011fu \u0130ndir Lavabolar Katalo\u011fu \u0130ndir Y\u00fcksek Parlakl\u0131k ve Mat PVC\/PET MDF Paneller Katalo\u011fu \u0130ndir","og_url":"https:\/\/csrwood.com\/index.php\/tr\/indirme-katalogu\/","og_site_name":"CSR \u2013 Customised \u2022 Supplier \u2022 Reseller","article_modified_time":"2025-07-10T14:22:23+00:00","twitter_card":"summary_large_image","twitter_misc":{"Tahmini okuma s\u00fcresi":"1 dakika"},"schema":{"@context":"https:\/\/schema.org","@graph":[{"@type":"WebPage","@id":"https:\/\/csrwood.com\/index.php\/tr\/indirme-katalogu\/","url":"https:\/\/csrwood.com\/index.php\/tr\/indirme-katalogu\/","name":"\u0130ndirme katalo\u011fu - CSR \u2013 Customised \u2022 Supplier \u2022 Reseller","isPartOf":{"@id":"https:\/\/csrwood.com\/#website"},"datePublished":"2025-07-10T14:20:00+00:00","dateModified":"2025-07-10T14:22:23+00:00","breadcrumb":{"@id":"https:\/\/csrwood.com\/index.php\/tr\/indirme-katalogu\/#breadcrumb"},"inLanguage":"tr","potentialAction":[{"@type":"ReadAction","target":["https:\/\/csrwood.com\/index.php\/tr\/indirme-katalogu\/"]}]},{"@type":"BreadcrumbList","@id":"https:\/\/csrwood.com\/index.php\/tr\/indirme-katalogu\/#breadcrumb","itemListElement":[{"@type":"ListItem","position":1,"name":"Anasayfa","item":"https:\/\/csrwood.com\/"},{"@type":"ListItem","position":2,"name":"\u0130ndirme katalo\u011fu"}]},{"@type":"WebSite","@id":"https:\/\/csrwood.com\/#website","url":"https:\/\/csrwood.com\/","name":"CSR \u2013 Customised \u2022 Supplier \u2022 Reseller","description":"","potentialAction":[{"@type":"SearchAction","target":{"@type":"EntryPoint","urlTemplate":"https:\/\/csrwood.com\/?s={search_term_string}"},"query-input":{"@type":"PropertyValueSpecification","valueRequired":true,"valueName":"search_term_string"}}],"inLanguage":"tr"}]}},"_links":{"self":[{"href":"https:\/\/csrwood.com\/index.php\/wp-json\/wp\/v2\/pages\/5606","targetHints":{"allow":["GET"]}}],"collection":[{"href":"https:\/\/csrwood.com\/index.php\/wp-json\/wp\/v2\/pages"}],"about":[{"href":"https:\/\/csrwood.com\/index.php\/wp-json\/wp\/v2\/types\/page"}],"author":[{"embeddable":true,"href":"https:\/\/csrwood.com\/index.php\/wp-json\/wp\/v2\/users\/2"}],"replies":[{"embeddable":true,"href":"https:\/\/csrwood.com\/index.php\/wp-json\/wp\/v2\/comments?post=5606"}],"version-history":[{"count":7,"href":"https:\/\/csrwood.com\/index.php\/wp-json\/wp\/v2\/pages\/5606\/revisions"}],"predecessor-version":[{"id":5613,"href":"https:\/\/csrwood.com\/index.php\/wp-json\/wp\/v2\/pages\/5606\/revisions\/5613"}],"wp:attachment":[{"href":"https:\/\/csrwood.com\/index.php\/wp-json\/wp\/v2\/media?parent=5606"}],"curies":[{"name":"wp","href":"https:\/\/api.w.org\/{rel}","templated":true}]}}